{"id":218,"date":"2021-05-20T21:10:35","date_gmt":"2021-05-20T19:10:35","guid":{"rendered":"https:\/\/avatar.org.pl\/avatar\/"},"modified":"2021-05-26T12:04:57","modified_gmt":"2021-05-26T10:04:57","slug":"avatar","status":"publish","type":"page","link":"https:\/\/avatar.org.pl\/pl\/","title":{"rendered":"Avatar &#8211; mi\u0119dzynarodowy handel \u017cywno\u015bci\u0105"},"content":{"rendered":"","protected":false},"excerpt":{"rendered":"","protected":false},"author":1,"featured_media":0,"parent":0,"menu_order":0,"comment_status":"closed","ping_status":"closed","template":"","meta":{"footnotes":""},"class_list":["post-218","page","type-page","status-publish"],"_links":{"self":[{"href":"https:\/\/avatar.org.pl\/pl\/wp-json\/wp\/v2\/pages\/218","targetHints":{"allow":["GET"]}}],"collection":[{"href":"https:\/\/avatar.org.pl\/pl\/wp-json\/wp\/v2\/pages"}],"about":[{"href":"https:\/\/avatar.org.pl\/pl\/wp-json\/wp\/v2\/types\/page"}],"author":[{"embeddable":true,"href":"https:\/\/avatar.org.pl\/pl\/wp-json\/wp\/v2\/users\/1"}],"replies":[{"embeddable":true,"href":"https:\/\/avatar.org.pl\/pl\/wp-json\/wp\/v2\/comments?post=218"}],"version-history":[{"count":3,"href":"https:\/\/avatar.org.pl\/pl\/wp-json\/wp\/v2\/pages\/218\/revisions"}],"predecessor-version":[{"id":227,"href":"https:\/\/avatar.org.pl\/pl\/wp-json\/wp\/v2\/pages\/218\/revisions\/227"}],"wp:attachment":[{"href":"https:\/\/avatar.org.pl\/pl\/wp-json\/wp\/v2\/media?parent=218"}],"curies":[{"name":"wp","href":"https:\/\/api.w.org\/{rel}","templated":true}]}}